{"id":177,"date":"2022-06-29T14:31:58","date_gmt":"2022-06-29T14:31:58","guid":{"rendered":"https:\/\/fahrschul-e.ch\/?page_id=177"},"modified":"2022-06-29T14:31:58","modified_gmt":"2022-06-29T14:31:58","slug":"dein-weg-zum-fuehrerschein","status":"publish","type":"page","link":"https:\/\/fahrschul-e.ch\/index.php\/dein-weg-zum-fuehrerschein\/","title":{"rendered":"Dein Weg zum F\u00fchrerschein"},"content":{"rendered":"\n<p class=\"has-text-align-center has-medium-font-size\"><strong>Mindestalter<\/strong><\/p>\n\n\n\n<p class=\"has-text-align-center has-medium-font-size\">17 Jahre: Motorwagen und dreir\u00e4drige Motorfahrzeuge mit einem Gewicht von nicht mehr als 3&#8217;500 kg.<br>F\u00fcr unter 20-j\u00e4hrige besteht eine Mindestausbildungsdauer von 12 Monaten nach dem Erhalt des Lernausweises.<\/p>\n\n\n\n<p class=\"has-text-align-center has-medium-font-size\"><strong> Nothelferkurs<\/strong><\/p>\n\n\n\n<p class=\"has-text-align-center has-medium-font-size\">Im ersten Schritt musst du einen Nothelferkurs absolvieren. Der Nothelferkurs dauert 10 Std. und du kannst ihn bei vielen unterschiedlichen Anbietern absolvieren. M\u00f6gliche Anbieter sind deine Sektion (regionalabh\u00e4ngig), das Schweizerische Rote Kreuz, der Schweizerische Samariterbund oder das Schweizerische Sanit\u00e4tskorps SSK. Hast du den Nothelferkurs erfolgreich absolviert, ist dein Nothelferausweis anschliessend <strong>sechs Jahre lang g\u00fcltig.<\/strong><\/p>\n\n\n\n<p class=\"has-text-align-center has-medium-font-size\"><strong>Sehtest<\/strong><\/p>\n\n\n\n<p class=\"has-text-align-center has-medium-font-size\">Der Sehtest f\u00fcr die Autopr\u00fcfung ist obligatorisch. Den Sehtest kannst du beim Augenarzt resp. Augen\u00e4rztin oder im Augenoptikgesch\u00e4ft machen lassen. Der Sehtest ist <strong>zwei Jahre g\u00fcltig.<\/strong><\/p>\n\n\n\n<p class=\"has-text-align-center has-medium-font-size\"><strong>Lernfahrausweis beantragen<\/strong><\/p>\n\n\n\n<p class=\"has-text-align-center has-medium-font-size\">Ohne den Lernausweis geht gar nichts. Er berechtigt Neulenker zum F\u00fchren eines Fahrzeugs auf \u00f6ffentlichen Strassen zusammen mit einer Begleitperson. Den Lernausweis kannst du fr\u00fchestens einen Monat vor dem 17. Geburtstag beantragen. Das Gesuch f\u00fcr den Lernfahrausweis kann bei den Gemeinde- und Stadtverwaltungen oder bei den Strassenverkehrs\u00e4mtern der Kantone bezogen werden<\/p>\n\n\n\n<p class=\"has-text-align-center has-medium-font-size\"><strong>Theoriepr\u00fcfung<\/strong><\/p>\n\n\n\n<p class=\"has-text-align-center has-medium-font-size\">Du kannst dich nun zur Theoriepr\u00fcfung anmelden \u2013 am einfachsten per Internet. Um das n\u00f6tige Wissen f\u00fcr die Theoriepr\u00fcfung zu erlangen, eignet sich der Theorieunterricht an einer Fahrschule oder Eigenstudium. Wer die Theoriepr\u00fcfung besteht, erh\u00e4lt den Lernfahrausweis. Dieser ist w\u00e4hrend zwei Jahren g\u00fcltig. Mit dem Lernfahrausweis kannst du mit einer Begleitperson fahren, die <strong>mindestens drei Jahre<\/strong> im Besitz der Autopr\u00fcfung ist, das <strong>23. Altersjahr<\/strong> vollendet hat und den F\u00fchrerausweis nicht mehr auf Probe hat. Lernfahrten sind, mit der entsprechenden Begleitperson, mit einem privaten Fahrzeug oder mit der Fahrschule m\u00f6glich.<\/p>\n\n\n\n<p class=\"has-text-align-center has-medium-font-size\"><strong>Verkehrskundeunterricht<\/strong><\/p>\n\n\n\n<p class=\"has-text-align-center has-medium-font-size\">Damit du dich f\u00fcr die praktische F\u00fchrerpr\u00fcfung der Kategorie B anmelden kannst, musst du zuerst den Verkehrskundeunterricht (VKU) absolvieren. Der Kurs dauert 8 Stunden.<\/p>\n\n\n\n<p class=\"has-text-align-center has-medium-font-size\"><strong>Fahrpr\u00fcfung &amp; Fahrausweis<\/strong><\/p>\n\n\n\n<p class=\"has-text-align-center has-medium-font-size\">Wenn du dich fahrsicher f\u00fchlst, und die obligatorischen Kurse absolviert hast, kannst du dich f\u00fcr die praktische F\u00fchrerpr\u00fcfung anmelden. Nach Bestehen der Fahrpr\u00fcfung erh\u00e4lt man einen f\u00fcr drei Jahre auf Probe g\u00fcltigen F\u00fchrerausweis.<\/p>\n\n\n\n<p class=\"has-text-align-center has-medium-font-size\"><strong>Weiterausbildungskurse (WAB)<\/strong><\/p>\n\n\n\n<p class=\"has-text-align-center has-medium-font-size\">F\u00fcr den Erhalt des definitiven F\u00fchrerausweises m\u00fcssen Neulenker den WAB Kurs innerhalb von 12 Monaten nach Absolvierung der F\u00fchrerpr\u00fcfung besuchen.<\/p>\n","protected":false},"excerpt":{"rendered":"<p>Mindestalter 17 Jahre: Motorwagen und dreir\u00e4drige Motorfahrzeuge mit einem Gewicht von nicht mehr als 3&#8217;500 kg.F\u00fcr unter 20-j\u00e4hrige besteht eine Mindestausbildungsdauer von 12 Monaten nach dem Erhalt des Lernausweises. Nothelferkurs Im ersten Schritt musst du einen Nothelferkurs absolvieren. Der Nothelferkurs dauert 10 Std. und du kannst ihn bei vielen unterschiedlichen Anbietern absolvieren. M\u00f6gliche Anbieter sind&hellip;&nbsp;<a href=\"https:\/\/fahrschul-e.ch\/index.php\/dein-weg-zum-fuehrerschein\/\" rel=\"bookmark\">Weiterlesen &raquo;<span class=\"screen-reader-text\">Dein Weg zum F\u00fchrerschein<\/span><\/a><\/p>\n","protected":false},"author":1,"featured_media":0,"parent":0,"menu_order":0,"comment_status":"closed","ping_status":"closed","template":"","meta":{"neve_meta_sidebar":"full-width","neve_meta_container":"","neve_meta_enable_content_width":"on","neve_meta_content_width":100,"neve_meta_title_alignment":"","neve_meta_author_avatar":"","neve_post_elements_order":"","neve_meta_disable_header":"","neve_meta_disable_footer":"","neve_meta_disable_title":"","_ti_tpc_template_sync":false,"_ti_tpc_template_id":"","footnotes":""},"class_list":["post-177","page","type-page","status-publish","hentry"],"_links":{"self":[{"href":"https:\/\/fahrschul-e.ch\/index.php\/wp-json\/wp\/v2\/pages\/177","targetHints":{"allow":["GET"]}}],"collection":[{"href":"https:\/\/fahrschul-e.ch\/index.php\/wp-json\/wp\/v2\/pages"}],"about":[{"href":"https:\/\/fahrschul-e.ch\/index.php\/wp-json\/wp\/v2\/types\/page"}],"author":[{"embeddable":true,"href":"https:\/\/fahrschul-e.ch\/index.php\/wp-json\/wp\/v2\/users\/1"}],"replies":[{"embeddable":true,"href":"https:\/\/fahrschul-e.ch\/index.php\/wp-json\/wp\/v2\/comments?post=177"}],"version-history":[{"count":2,"href":"https:\/\/fahrschul-e.ch\/index.php\/wp-json\/wp\/v2\/pages\/177\/revisions"}],"predecessor-version":[{"id":190,"href":"https:\/\/fahrschul-e.ch\/index.php\/wp-json\/wp\/v2\/pages\/177\/revisions\/190"}],"wp:attachment":[{"href":"https:\/\/fahrschul-e.ch\/index.php\/wp-json\/wp\/v2\/media?parent=177"}],"curies":[{"name":"wp","href":"https:\/\/api.w.org\/{rel}","templated":true}]}}