{"id":20,"date":"2021-04-19T14:55:52","date_gmt":"2021-04-19T14:55:52","guid":{"rendered":"https:\/\/fahrschul-e.ch\/?page_id=20"},"modified":"2022-06-29T14:16:43","modified_gmt":"2022-06-29T14:16:43","slug":"ueber-mich","status":"publish","type":"page","link":"https:\/\/fahrschul-e.ch\/index.php\/ueber-mich\/","title":{"rendered":"\u00dcber mich"},"content":{"rendered":"\n<div class=\"wp-block-columns is-layout-flex wp-container-core-columns-is-layout-9d6595d7 wp-block-columns-is-layout-flex\">\n<div class=\"wp-block-column is-layout-flow wp-block-column-is-layout-flow\">\n<figure class=\"wp-block-image size-large is-resized is-style-rounded\"><img loading=\"lazy\" decoding=\"async\" src=\"https:\/\/fahrschul-e.ch\/wp-content\/uploads\/2021\/04\/Portrait.jpg\" alt=\"\" class=\"wp-image-67\" width=\"563\" height=\"426\" srcset=\"https:\/\/fahrschul-e.ch\/wp-content\/uploads\/2021\/04\/Portrait.jpg 750w, https:\/\/fahrschul-e.ch\/wp-content\/uploads\/2021\/04\/Portrait-300x227.jpg 300w\" sizes=\"auto, (max-width: 563px) 100vw, 563px\" \/><\/figure>\n<\/div>\n\n\n\n<div class=\"wp-block-column is-layout-flow wp-block-column-is-layout-flow\">\n<figure class=\"wp-block-table alignright is-style-regular has-medium-font-size\"><table><tbody><tr><td><\/td><td class=\"has-text-align-right\" data-align=\"right\"><\/td><\/tr><tr><td>Name<\/td><td class=\"has-text-align-right\" data-align=\"right\">Robin Zurfl\u00fch<\/td><\/tr><tr><td>Geburtsjahr<\/td><td class=\"has-text-align-right\" data-align=\"right\">1992<\/td><\/tr><tr><td>Gelernte Berufe<\/td><td class=\"has-text-align-right\" data-align=\"right\">B\u00e4cker-Konditor und Eidg. Dipl. Fahrlehrer<\/td><\/tr><tr><td>Autofahrpr\u00fcfung bestanden am<\/td><td class=\"has-text-align-right\" data-align=\"right\">23.11.2010<\/td><\/tr><\/tbody><\/table><\/figure>\n<\/div>\n<\/div>\n\n\n\n<figure class=\"wp-block-pullquote\"><blockquote><p>F\u00fcr mich wurde bereits bei der ersten Fahrt mit einem Elektrofahrzeug klar,<\/p><p> dass die Zukunft begonnen hat.<\/p><\/blockquote><\/figure>\n\n\n\n<div class=\"wp-block-columns are-vertically-aligned-center is-layout-flex wp-container-core-columns-is-layout-9d6595d7 wp-block-columns-is-layout-flex\">\n<div class=\"wp-block-column is-vertically-aligned-center is-layout-flow wp-block-column-is-layout-flow\">\n<figure class=\"wp-block-table is-style-regular has-medium-font-size\"><table><tbody><tr><td><strong>Fahrschulauto<\/strong><\/td><td class=\"has-text-align-right\" data-align=\"right\"><\/td><\/tr><tr><td>Marke<\/td><td class=\"has-text-align-right\" data-align=\"right\">Renault<\/td><\/tr><tr><td>Modell<\/td><td class=\"has-text-align-right\" data-align=\"right\">Zoe R135<\/td><\/tr><tr><td>Antrieb<\/td><td class=\"has-text-align-right\" data-align=\"right\">Elektrisch<\/td><\/tr><tr><td>PS\/KW<\/td><td class=\"has-text-align-right\" data-align=\"right\">135 PS \/ 99.3KW<\/td><\/tr><tr><td>Reichweite<\/td><td class=\"has-text-align-right\" data-align=\"right\">395 km<\/td><\/tr><tr><td>Baujahr<\/td><td class=\"has-text-align-right\" data-align=\"right\">2020<\/td><\/tr><\/tbody><\/table><\/figure>\n<\/div>\n\n\n\n<div class=\"wp-block-column is-vertically-aligned-center is-layout-flow wp-block-column-is-layout-flow\">\n<figure class=\"wp-block-gallery alignright has-nested-images columns-default is-cropped wp-block-gallery-1 is-layout-flex wp-block-gallery-is-layout-flex\">\n<figure class=\"wp-block-image size-large is-style-rounded\"><img loading=\"lazy\" decoding=\"async\" width=\"1024\" height=\"683\" data-id=\"155\" src=\"https:\/\/fahrschul-e.ch\/wp-content\/uploads\/2022\/06\/DSC05049-1024x683.jpg\" alt=\"\" class=\"wp-image-155\" srcset=\"https:\/\/fahrschul-e.ch\/wp-content\/uploads\/2022\/06\/DSC05049-1024x683.jpg 1024w, https:\/\/fahrschul-e.ch\/wp-content\/uploads\/2022\/06\/DSC05049-300x200.jpg 300w, https:\/\/fahrschul-e.ch\/wp-content\/uploads\/2022\/06\/DSC05049-768x512.jpg 768w, https:\/\/fahrschul-e.ch\/wp-content\/uploads\/2022\/06\/DSC05049-1536x1024.jpg 1536w, https:\/\/fahrschul-e.ch\/wp-content\/uploads\/2022\/06\/DSC05049-2048x1365.jpg 2048w, https:\/\/fahrschul-e.ch\/wp-content\/uploads\/2022\/06\/DSC05049-930x620.jpg 930w\" sizes=\"auto, (max-width: 1024px) 100vw, 1024px\" \/><figcaption><em>Renault Zoe, Fahrschul-E<\/em><\/figcaption><\/figure>\n<\/figure>\n<\/div>\n<\/div>\n\n\n\n<p>Bei der Wahl des richtigen Fahrzeugs f\u00fcr meine Fahrschule gab es von Anfang an nur 2 Kandidaten.  Renault Zoe R135 oder Tesla Model 3.<\/p>\n\n\n\n<p>Obwohl das Tesla Model 3 am Anfang mein Favorit war, entschied ich mich f\u00fcr den Renault Zoe, da mich das Interieur von Tesla f\u00fcr die Ausbildung von Sch\u00fclern nicht \u00fcberzeugt hat. <\/p>\n\n\n\n<p>Die Renault Zoe hat sich als perfektes Fahrschulfahrzeug herausgestellt. Durch die nahezu ger\u00e4uschlose Fortbewegung ist eine tadellose Kommunikation zwischen dem Fahrsch\u00fcler und mir m\u00f6glich. Der Sitz- und Platzkomfort ist hoch und wird nicht durch die kurz gehaltene Gesamtl\u00e4nge, welche das Man\u00f6vrieren erleichtert, beeintr\u00e4chtigt. Die direkte Lenkung und die \u00fcberzeugende Beschleunigung des Fahrzeugs bringen von beginn weg viel Fahrspass.<\/p>\n\n\n\n<figure class=\"wp-block-pullquote\"><blockquote><p> Ich habe eine grosse Leidenschaft f\u00fcr die elektrische Mobilit\u00e4t. <\/p><p>Dazu geh\u00f6rt mehr als nur ein Auto&#8230; Von Ladeinfrastruktur, \u00fcber Ressourcen Gewinnung, bis zum Recycling und Unabh\u00e4ngigkeit von nicht vertrauensw\u00fcrdigen Drittstaaten.<\/p><\/blockquote><\/figure>\n\n\n\n<p><\/p>\n","protected":false},"excerpt":{"rendered":"<p>Name Robin Zurfl\u00fch Geburtsjahr 1992 Gelernte Berufe B\u00e4cker-Konditor und Eidg. Dipl. Fahrlehrer Autofahrpr\u00fcfung bestanden am 23.11.2010 F\u00fcr mich wurde bereits bei der ersten Fahrt mit einem Elektrofahrzeug klar, dass die Zukunft begonnen hat. Fahrschulauto Marke Renault Modell Zoe R135 Antrieb Elektrisch PS\/KW 135 PS \/ 99.3KW Reichweite 395 km Baujahr 2020 Bei der Wahl des&hellip;&nbsp;<a href=\"https:\/\/fahrschul-e.ch\/index.php\/ueber-mich\/\" rel=\"bookmark\">Weiterlesen &raquo;<span class=\"screen-reader-text\">\u00dcber mich<\/span><\/a><\/p>\n","protected":false},"author":1,"featured_media":0,"parent":0,"menu_order":0,"comment_status":"closed","ping_status":"closed","template":"","meta":{"neve_meta_sidebar":"full-width","neve_meta_container":"","neve_meta_enable_content_width":"on","neve_meta_content_width":100,"neve_meta_title_alignment":"","neve_meta_author_avatar":"","neve_post_elements_order":"","neve_meta_disable_header":"","neve_meta_disable_footer":"","neve_meta_disable_title":"","_ti_tpc_template_sync":false,"_ti_tpc_template_id":"","footnotes":""},"class_list":["post-20","page","type-page","status-publish","hentry"],"_links":{"self":[{"href":"https:\/\/fahrschul-e.ch\/index.php\/wp-json\/wp\/v2\/pages\/20","targetHints":{"allow":["GET"]}}],"collection":[{"href":"https:\/\/fahrschul-e.ch\/index.php\/wp-json\/wp\/v2\/pages"}],"about":[{"href":"https:\/\/fahrschul-e.ch\/index.php\/wp-json\/wp\/v2\/types\/page"}],"author":[{"embeddable":true,"href":"https:\/\/fahrschul-e.ch\/index.php\/wp-json\/wp\/v2\/users\/1"}],"replies":[{"embeddable":true,"href":"https:\/\/fahrschul-e.ch\/index.php\/wp-json\/wp\/v2\/comments?post=20"}],"version-history":[{"count":19,"href":"https:\/\/fahrschul-e.ch\/index.php\/wp-json\/wp\/v2\/pages\/20\/revisions"}],"predecessor-version":[{"id":183,"href":"https:\/\/fahrschul-e.ch\/index.php\/wp-json\/wp\/v2\/pages\/20\/revisions\/183"}],"wp:attachment":[{"href":"https:\/\/fahrschul-e.ch\/index.php\/wp-json\/wp\/v2\/media?parent=20"}],"curies":[{"name":"wp","href":"https:\/\/api.w.org\/{rel}","templated":true}]}}