{"id":212,"date":"2023-07-19T15:18:02","date_gmt":"2023-07-19T15:18:02","guid":{"rendered":"https:\/\/fahrschul-e.ch\/?page_id=212"},"modified":"2024-09-04T08:40:49","modified_gmt":"2024-09-04T08:40:49","slug":"angebot-2","status":"publish","type":"page","link":"https:\/\/fahrschul-e.ch\/index.php\/angebot-2\/","title":{"rendered":"Angebot"},"content":{"rendered":"\n<h2 class=\"wp-block-heading has-nv-c-1-color has-text-color has-large-font-size\"><\/h2>\n\n\n\n<figure class=\"wp-block-table is-style-regular has-large-font-size\"><table class=\"has-neve-text-color-color has-text-color\"><tbody><tr><td>Einzellektion a 45 Minuten<\/td><td class=\"has-text-align-right\" data-align=\"right\">CHF<\/td><td class=\"has-text-align-right\" data-align=\"right\">90.-<\/td><\/tr><tr><td>10er Abo (10 Lektionen a 45 Minuten)<\/td><td class=\"has-text-align-right\" data-align=\"right\">CHF<\/td><td class=\"has-text-align-right\" data-align=\"right\">850.-<\/td><\/tr><tr><td>20er Abo (20 Lektionen a 45 Minuten)<\/td><td class=\"has-text-align-right\" data-align=\"right\">CHF<\/td><td class=\"has-text-align-right\" data-align=\"right\">1600.-<\/td><\/tr><tr><td>Administrationsbeitrag (Gratis)<\/td><td class=\"has-text-align-right\" data-align=\"right\">CHF<\/td><td class=\"has-text-align-right\" data-align=\"right\">0.-<\/td><\/tr><tr><td>Standortbestimmung f\u00fcr routinierte Autofahrer (Administrationsbeitrag entf\u00e4llt) <\/td><td class=\"has-text-align-right\" data-align=\"right\">CHF<\/td><td class=\"has-text-align-right\" data-align=\"right\">95.-<\/td><\/tr><tr><td>Theorielektion<\/td><td class=\"has-text-align-right\" data-align=\"right\">CHF<\/td><td class=\"has-text-align-right\" data-align=\"right\">60.-<\/td><\/tr><\/tbody><\/table><figcaption class=\"wp-element-caption\"><br><br><a href=\"https:\/\/fahrschul-e.ch\/wp-content\/uploads\/2021\/09\/AGB1.pdf\" data-type=\"attachment\" data-id=\"78\"><strong><mark style=\"background-color:rgba(0, 0, 0, 0)\" class=\"has-inline-color has-neve-text-color-color\">Allgemeine Gesch\u00e4ftsbedinungen (PDF)<\/mark><\/strong><\/a><\/figcaption><\/figure>\n","protected":false},"excerpt":{"rendered":"<p>Einzellektion a 45 Minuten CHF 90.- 10er Abo (10 Lektionen a 45 Minuten) CHF 850.- 20er Abo (20 Lektionen a 45 Minuten) CHF 1600.- Administrationsbeitrag (Gratis) CHF 0.- Standortbestimmung f\u00fcr routinierte Autofahrer (Administrationsbeitrag entf\u00e4llt) CHF 95.- Theorielektion CHF 60.- Allgemeine Gesch\u00e4ftsbedinungen (PDF)<\/p>\n","protected":false},"author":1,"featured_media":0,"parent":0,"menu_order":0,"comment_status":"closed","ping_status":"closed","template":"","meta":{"neve_meta_sidebar":"full-width","neve_meta_container":"","neve_meta_enable_content_width":"on","neve_meta_content_width":100,"neve_meta_title_alignment":"","neve_meta_author_avatar":"","neve_post_elements_order":"","neve_meta_disable_header":"","neve_meta_disable_footer":"","neve_meta_disable_title":"","_ti_tpc_template_sync":false,"_ti_tpc_template_id":"","footnotes":""},"class_list":["post-212","page","type-page","status-publish","hentry"],"_links":{"self":[{"href":"https:\/\/fahrschul-e.ch\/index.php\/wp-json\/wp\/v2\/pages\/212","targetHints":{"allow":["GET"]}}],"collection":[{"href":"https:\/\/fahrschul-e.ch\/index.php\/wp-json\/wp\/v2\/pages"}],"about":[{"href":"https:\/\/fahrschul-e.ch\/index.php\/wp-json\/wp\/v2\/types\/page"}],"author":[{"embeddable":true,"href":"https:\/\/fahrschul-e.ch\/index.php\/wp-json\/wp\/v2\/users\/1"}],"replies":[{"embeddable":true,"href":"https:\/\/fahrschul-e.ch\/index.php\/wp-json\/wp\/v2\/comments?post=212"}],"version-history":[{"count":2,"href":"https:\/\/fahrschul-e.ch\/index.php\/wp-json\/wp\/v2\/pages\/212\/revisions"}],"predecessor-version":[{"id":242,"href":"https:\/\/fahrschul-e.ch\/index.php\/wp-json\/wp\/v2\/pages\/212\/revisions\/242"}],"wp:attachment":[{"href":"https:\/\/fahrschul-e.ch\/index.php\/wp-json\/wp\/v2\/media?parent=212"}],"curies":[{"name":"wp","href":"https:\/\/api.w.org\/{rel}","templated":true}]}}